{"id":2525,"date":"2023-03-17T09:51:12","date_gmt":"2023-03-17T09:51:12","guid":{"rendered":"https:\/\/marcelvanderwiel.com\/?page_id=2525"},"modified":"2023-03-19T09:50:25","modified_gmt":"2023-03-19T09:50:25","slug":"een-waargebeurd-verhaal-om-eens-goed-over-na-te-denken","status":"publish","type":"page","link":"https:\/\/marcelvanderwiel.com\/en\/een-waargebeurd-verhaal-om-eens-goed-over-na-te-denken\/","title":{"rendered":"Een Waargebeurd Verhaal Om Eens Goed Over Na Te Denken"},"content":{"rendered":"<p><div class=\"et_d4_element et_pb_section et_pb_section_0  et_pb_css_mix_blend_mode et_section_regular et_block_section\" >\n\t\t\t\t\n\t\t\t\t\n\t\t\t\t\n\t\t\t\t\n\t\t\t\t\n\t\t\t\t\n\t\t\t\t<div class=\"et_d4_element et_pb_row et_pb_row_0  et_pb_css_mix_blend_mode et_block_row\">\n\t\t\t\t<div class=\"et_d4_element et_pb_column_4_4 et_pb_column et_pb_column_0  et_pb_css_mix_blend_mode et-last-child et_block_column\">\n\t\t\t\t\n\t\t\t\t\n\t\t\t\t\n\t\t\t\t\n\t\t\t\t<div class=\"et_pb_module et_d4_element et_pb_text et_pb_text_0  et_pb_text_align_left et_pb_bg_layout_light\">\n\t\t\t\t\n\t\t\t\t\n\t\t\t\t\n\t\t\t\t\n\t\t\t\t<div class=\"et_pb_text_inner\"><h1 style=\"text-align: center;\">Een waargebeurd verhaal om eens goed over na te denken.<\/h1><\/div>\n\t\t\t<\/div>\n\t\t\t<\/div>\n\t\t\t\t\n\t\t\t\t\n\t\t\t\t\n\t\t\t\t\n\t\t\t<\/div>\n\t\t\t\t\n\t\t\t\t\n\t\t\t<\/div><div class=\"et_d4_element et_pb_section et_pb_section_1  et_pb_css_mix_blend_mode et_section_regular et_block_section\" >\n\t\t\t\t\n\t\t\t\t\n\t\t\t\t\n\t\t\t\t\n\t\t\t\t\n\t\t\t\t\n\t\t\t\t<div class=\"et_d4_element et_pb_row et_pb_row_1  et_pb_css_mix_blend_mode et_block_row\">\n\t\t\t\t<div class=\"et_d4_element et_pb_column_4_4 et_pb_column et_pb_column_1  et_pb_css_mix_blend_mode et-last-child et_block_column\">\n\t\t\t\t\n\t\t\t\t\n\t\t\t\t\n\t\t\t\t\n\t\t\t\t<div class=\"et_pb_module et_d4_element et_pb_image et_pb_image_0\">\n\t\t\t\t\n\t\t\t\t\n\t\t\t\t\n\t\t\t\t\n\t\t\t\t<span class=\"et_pb_image_wrap\"><img data-recalc-dims=\"1\" decoding=\"async\" src=\"https:\/\/i0.wp.com\/marcelvanderwiel.com\/wp-content\/uploads\/2023\/03\/Scherm%C2%ADafbeelding-2023-03-17-om-10.36.04.png?w=1080&#038;ssl=1\" alt=\"\" title=\"Max\" \/><\/span>\n\t\t\t<\/div>\n\t\t\t<\/div>\n\t\t\t\t\n\t\t\t\t\n\t\t\t\t\n\t\t\t\t\n\t\t\t<\/div>\n\t\t\t\t\n\t\t\t\t\n\t\t\t<\/div><div class=\"et_d4_element et_pb_section et_pb_section_2  et_pb_css_mix_blend_mode et_section_regular et_block_section\" >\n\t\t\t\t\n\t\t\t\t\n\t\t\t\t\n\t\t\t\t\n\t\t\t\t\n\t\t\t\t\n\t\t\t\t<div class=\"et_d4_element et_pb_row et_pb_row_2  et_pb_css_mix_blend_mode et_block_row\">\n\t\t\t\t<div class=\"et_d4_element et_pb_column_4_4 et_pb_column et_pb_column_2  et_pb_css_mix_blend_mode et-last-child et_block_column\">\n\t\t\t\t\n\t\t\t\t\n\t\t\t\t\n\t\t\t\t\n\t\t\t\t<div class=\"et_pb_module et_d4_element et_pb_text et_pb_text_1  et_pb_text_align_left et_pb_bg_layout_light\">\n\t\t\t\t\n\t\t\t\t\n\t\t\t\t\n\t\t\t\t\n\t\t\t\t<div class=\"et_pb_text_inner\"><div class=\"entry-content\">\n<div class=\"et-l et-l--post\">\n<div class=\"et_builder_inner_content et_pb_gutters3\">\n<div class=\"et_pb_section et_pb_section_0 et_section_regular\">\n<div class=\"et_pb_row et_pb_row_0\">\n<div class=\"et_pb_column et_pb_column_4_4 et_pb_column_0 et_pb_css_mix_blend_mode_passthrough et-last-child\">\n<div class=\"et_pb_module et_pb_text et_pb_text_0 et_pb_text_align_left et_pb_bg_layout_light\">\n<div class=\"et_pb_text_inner\">\n<h2><strong>Ken je Max al?<\/strong><\/h2>\n<p>Max is een hele normale doorsnee persoon die de universiteit met succes heeft doorlopen en die in principe gezond leeft en dus gezond eet en regelmatig sport. Hij is midden 20 en heeft een baan als technicus bij een groot bedrijf. Hij heeft een lieve vrouw en twee kinderen, gaat iedere dag naar kantoor en volbrengt als vlijtige werknemer de dagelijks voorkomende taken. Na werktijd wringt hij zichzelf door het verkeer naar huis, geniet samen met zijn gezin van het avondeten en zet zich later op de avond even heerlijk op de bank voor de tv met een flesje bier. Tegen 22:00 uur gaat Max gewoonlijk slapen.<\/p>\n<p><strong><\/strong><\/p>\n<p><strong><span style=\"color: #333333; font-size: 22px;\">Maar Max voedt zichzelf volgens hem gezond.<\/span><\/strong><\/p>\n<\/div>\n<\/div>\n<div class=\"et_pb_module et_pb_text et_pb_text_1 et_pb_text_align_left et_pb_bg_layout_light\">\n<div class=\"et_pb_text_inner\">\n<p>Iedere dag krijgt zijn lichaam een flinke portie eten, maar tegelijkertijd ook een tekort aan goede voeding.<\/p>\n<p>Door de toenemende stress op het werk merkt Max dat hij steeds minder energie heeft dan voorheen, en hij begint in plaats van 1 kop koffie, 2 tot 3 koppen koffie per dag te drinken. Zijn consumptie van sigaretten is in de tussentijd ook gestegen. Wanneer hij nu \u2018s-avonds thuis komt, zijn het inmiddels 2 flesjes bier en 1 whisky geworden die hij voor de televisie drinkt. Hij kan ook niet meer zo goed slapen, zodat Max zichzelf zo nu en dan ook nog eens een slaapmutsje gunt.<\/p>\n<p>Enige jaren later, Max is dan begin 30, heeft zijn zenuwstelsel zich door de stress verslechtert. Hij heeft steeds vaker last van hoofdpijn, en zijn ogen doen zeer. Max wijdt dit aan de computer waar hij iedere dag achter zit en op het neonlicht op kantoor.<br \/>Maar de hoofdpijnen nemen echter in al hevigheid toe, waardoor Max zich uiteindelijk toch wel zorgen gaat maken. Misschien is het wel een tumor in het hoofd? Hij besluit zijn huisarts op te zoeken om zich te laten onderzoeken. Hij stelt hele normale, stres gerelateerde hoofdpijn vast en zegt: \u201cNeem gewoon wat aspirines en je hoofdpijnen verdwijnen als sneeuw voor de zon.\u201d<br \/>Max neemt de tabletten zoals voorgeschreven en de hoofdpijn wordt ook beter. Maar na enige tijd moet hij de dosis al verhogen om de hoofdpijnen te doen verdwijnen.<br \/>De arts heeft hem echter niet verteld dat hij iedere dag misschien wel een overdaad aan eten tot zich neemt, maar dat het eigenlijk alleen maar lege inhoudsstoffen zijn, en dat hij een tekort heeft aan gezonde essenti\u00eble voedingsstoffen heeft en g\u00e9\u00e9n gebrek aan aspirine!<\/p>\n<p><strong style=\"color: #333333; font-size: 22px;\">De jaren gaan voorbij<\/strong><\/p>\n<div class=\"et_pb_module et_pb_text et_pb_text_2 et_pb_text_align_left et_pb_bg_layout_light\">\n<div class=\"et_pb_text_inner\">\n<p>&nbsp;<\/p>\n<p>Max is nu midden 30, en hij heeft nu wat aan gewicht toegenomen. Maar dat is normaal voor zijn leeftijd\u2026<\/p>\n<p>Hij is inmiddels iedere dag nogal nerveus, kan nauwelijks nog goed slapen en hij drinkt nog een extra biertje meer per avond. Max zoekt wederom zijn huisarts op. \u201cAlles ok\u00e9\u201d, zegt hij, \u201cneem deze valium en je slaapt weer als een baby en je zult weer uitgerust zijn.\u201d Alweer heeft de arts vergeten om Max op zijn tekorten te wijzen, in het bijzonder de essenti\u00eble voedingsstoffen die ieder mensen nodig heeft.<\/p>\n<p>De volgende symptomen worden zichtbaar. Max is nu begin 40. Zijn spijsvertering werkt niet meer zo goed, en daarbij komt dat Max merkt dat zijn maagklachten heviger worden. Heeft hij misschien maag- en darmkanker? Een bezoek aan de dokter zal dit wel ophelderen. \u201cGeen probleem\u201d, zegt de arts, \u201cDrink wat minder alcohol, rook wat minder en neem deze antistrespillen. Die hebben echter een kleine bijwerking: Een op de 1.000 mensen kan daarvan problemen met het bloedbeeld krijgen.\u201d<\/p>\n<p>Max is nu midden 40. Hij heeft inmiddels weer meer in gewicht toegenomen. De pijn in zijn rug is ook onverdraaglijk geworden. \u201cGeen zorgen\u201d, zegt de huisarts, \u201cHet zijn de tussenwervelschijven en een beginnende artritis. Neem deze ontstekingsremmende pillen maar. Jammer genoeg hebben ze wel bijwerkingen: een op de 1.000 mensen kan er leverproblemen door krijgen. Je hoeft dan alleen maar te stoppen met de medicatie en alles gaat dan weer weg.\u201d<\/p>\n<\/div>\n<\/div>\n<div class=\"et_pb_module et_pb_text et_pb_text_3 et_pb_text_align_left et_pb_bg_layout_light\">\n<div class=\"et_pb_text_inner\">\n<h3><strong>Max heeft problemen<\/strong><\/h3>\n<p>Hij heeft een overgewicht, een hoge bloeddruk en een te hoge cholesterol. De dokter zegt: \u201cGeen probleem, ik heb daarvoor een medicijn. Het heeft alleen een bijwerking: het kan tot depressies leiden. Ik geef je daarom ook direct een antidepressiva mee. Dat heeft helaas ook een bijwerking: Je kan er impotent van worden.\u00a0Max is nu 50. Iedere dag neemt hij nu al meer dan 10 verschillende medicijnen. Hij is rijp voor de zogenaamde ouderdomskwalen. Op een dag wordt Max wakker en alles doet pijn. Hij neemt al zijn medicamenten en hij drinkt 4 koppen koffie.<\/p>\n<p><strong style=\"font-size: 14px;\">Zijn vrouw zegt tegen hem dat ze een vitaliteitsprogramma heeft gevonden, en dat die verzorging op een gezonde wijze het lichaam weer regenereert.<\/strong><\/p>\n<p>Max probeert het <a href=\"https:\/\/marcelvanderwiel.com\/en\/foreverfit\/\" target=\"_blank\" rel=\"noopener\">C9-programma<\/a>\u00a0van Forever Living Products. Hij merkt dat zijn lichaam ontgift, en hij verliest gewicht. Hij krijgt zijn energie weer terug en hij wordt weer actiever. Zijn bloeddruk en zijn cholesterol gaan naar beneden, en zijn depressies en zijn rugklachten zijn opeens verdwenen. Ook zijn alcohol- en nicotineconsumptie worden als vanzelf minder.<br \/><strong style=\"font-size: 14px;\"><\/strong><\/p>\n<div class=\"et_pb_module et_pb_text et_pb_text_4 et_pb_text_align_left et_pb_bg_layout_light\">\n<div class=\"et_pb_text_inner\">\n<p>Max begint weer wat uitgebalanceerder met zijn voeding om te gaan, en hij kan weer veel beter slapen.<\/p>\n<\/div>\n<\/div>\n<div class=\"et_pb_module et_pb_text et_pb_text_5 et_pb_text_align_left et_pb_bg_layout_light\">\n<div class=\"et_pb_text_inner\">\n<h3><strong>Na ongeveer een jaar heeft Max geen enkele medicatie meer nodig<\/strong><\/h3>\n<p>Als Max het\u00a0<a href=\"https:\/\/marcelvanderwiel.com\/en\/foreverfit\/\" target=\"_blank\" rel=\"noopener\">C9-programma<\/a>\u00a0van Forever eerder had leren kennen en daarmee van tevoren grip gehad op al die symptomen, dan was hij van al die pijnen gespaard gebleven.<\/p>\n<\/div>\n<\/div>\n<div class=\"et_pb_module et_pb_text et_pb_text_6 et_pb_text_align_left et_pb_bg_layout_light\">\n<div class=\"et_pb_text_inner\">\n<h3><strong>Ken je Max misschien toch?<\/strong><\/h3>\n<\/div>\n<\/div>\n<div class=\"et_pb_module et_pb_text et_pb_text_7 et_pb_text_align_left et_pb_bg_layout_light\">\n<div class=\"et_pb_text_inner\">\n<p style=\"text-align: center;\"><strong>IK WEET ZEKER dat er ergens tussen jouw bekenden een MAX zit.<\/strong><\/p>\n<p style=\"text-align: center;\"><strong>Wanneer je een vriend bent, dan zou je hem moeten helpen.<\/strong><\/p>\n<\/div>\n<\/div>\n<\/div>\n<\/div>\n<\/div>\n<\/div>\n<\/div>\n<\/div>\n<\/div>\n<\/div>\n<\/div>\n<\/div><\/div>\n\t\t\t<\/div>\n\t\t\t<\/div>\n\t\t\t\t\n\t\t\t\t\n\t\t\t\t\n\t\t\t\t\n\t\t\t<\/div><div class=\"et_d4_element et_pb_row et_pb_row_3  et_pb_css_mix_blend_mode et_block_row\">\n\t\t\t\t<div class=\"et_d4_element et_pb_column_1_2 et_pb_column et_pb_column_3  et_pb_css_mix_blend_mode et_block_column\">\n\t\t\t\t\n\t\t\t\t\n\t\t\t\t\n\t\t\t\t\n\t\t\t\t<div class=\"et_pb_button_module_wrapper et_pb_button_0_wrapper et_pb_button_alignment_center et_pb_module\">\n\t\t\t\t<a class=\"et_pb_button et_d4_element et_pb_button_0 et_pb_bg_layout_light et_block_module\" href=\"https:\/\/thealoeveraco.shop\/DQJMroxz\" target=\"_blank\" rel=\"noopener\">FOREVER C9 DIRECT BESTELLEN<\/a>\n\t\t\t<\/div>\n\t\t\t<\/div><div class=\"et_d4_element et_pb_column_1_2 et_pb_column et_pb_column_4  et_pb_css_mix_blend_mode et-last-child et_block_column\">\n\t\t\t\t\n\t\t\t\t\n\t\t\t\t\n\t\t\t\t\n\t\t\t\t<div class=\"et_pb_button_module_wrapper et_pb_button_1_wrapper et_pb_button_alignment_center et_pb_module\">\n\t\t\t\t<a class=\"et_pb_button et_d4_element et_pb_button_1 et_pb_bg_layout_light et_block_module\" href=\"https:\/\/marcelvanderwiel.com\/en\/foreverfit\/\" target=\"_blank\">MEER INFORMATIE OVER HET C9-PROGRAMMA<\/a>\n\t\t\t<\/div>\n\t\t\t<\/div>\n\t\t\t\t\n\t\t\t\t\n\t\t\t\t\n\t\t\t\t\n\t\t\t<\/div><div class=\"et_d4_element et_pb_row et_pb_row_4  et_pb_css_mix_blend_mode et_block_row\">\n\t\t\t\t<div class=\"et_d4_element et_pb_column_4_4 et_pb_column et_pb_column_5  et_pb_css_mix_blend_mode et-last-child et_block_column et_pb_column_empty\">\n\t\t\t\t\n\t\t\t\t\n\t\t\t\t\n\t\t\t\t\n\t\t\t\t\n\t\t\t<\/div>\n\t\t\t\t\n\t\t\t\t\n\t\t\t\t\n\t\t\t\t\n\t\t\t<\/div>\n\t\t\t\t\n\t\t\t\t\n\t\t\t<\/div><\/p>","protected":false},"excerpt":{"rendered":"","protected":false},"author":1,"featured_media":2528,"parent":0,"menu_order":11,"comment_status":"closed","ping_status":"closed","template":"page-template-blank.php","meta":{"_et_pb_use_builder":"on","_et_pb_old_content":"","_et_gb_content_width":"","footnotes":""},"class_list":["post-2525","page","type-page","status-publish","has-post-thumbnail","hentry"],"jetpack_sharing_enabled":true,"_links":{"self":[{"href":"https:\/\/marcelvanderwiel.com\/en\/wp-json\/wp\/v2\/pages\/2525","targetHints":{"allow":["GET"]}}],"collection":[{"href":"https:\/\/marcelvanderwiel.com\/en\/wp-json\/wp\/v2\/pages"}],"about":[{"href":"https:\/\/marcelvanderwiel.com\/en\/wp-json\/wp\/v2\/types\/page"}],"author":[{"embeddable":true,"href":"https:\/\/marcelvanderwiel.com\/en\/wp-json\/wp\/v2\/users\/1"}],"replies":[{"embeddable":true,"href":"https:\/\/marcelvanderwiel.com\/en\/wp-json\/wp\/v2\/comments?post=2525"}],"version-history":[{"count":0,"href":"https:\/\/marcelvanderwiel.com\/en\/wp-json\/wp\/v2\/pages\/2525\/revisions"}],"wp:featuredmedia":[{"embeddable":true,"href":"https:\/\/marcelvanderwiel.com\/en\/wp-json\/wp\/v2\/media\/2528"}],"wp:attachment":[{"href":"https:\/\/marcelvanderwiel.com\/en\/wp-json\/wp\/v2\/media?parent=2525"}],"curies":[{"name":"wp","href":"https:\/\/api.w.org\/{rel}","templated":true}]}}